{"id":16371,"date":"2023-07-21T12:04:55","date_gmt":"2023-07-21T12:04:55","guid":{"rendered":"https:\/\/lucas-filmfestival.de\/?page_id=16371"},"modified":"2023-10-26T13:17:18","modified_gmt":"2023-10-26T13:17:18","slug":"competition-teens-feature-film","status":"publish","type":"page","link":"https:\/\/2023.lucas-filmfestival.de\/en\/films\/competition-teens-feature-film\/","title":{"rendered":"Competition \u00bbTeens\u00ab | Feature Film"},"content":{"rendered":"<div class=\"wpb-content-wrapper\"><p>[vc_row full_width=\u201cstretch_row\u201d disable_element=\u201cyes\u201d bg_type=\u201cbg_color\u201d bg_color_value=\u201d#48d1cc\u201d css=\u201d.vc_custom_1693005126607{padding-top: 20px !important;padding-bottom: 20px !important;}\u201d][vc_column][vc_column_text]<\/p>\n<h2>Das Programm von LUCAS #46 wird Ende August ver\u00f6ffentlicht. Die <a href=\"https:\/\/2023.lucas-filmfestival.de\/archiv\/\"><span style=\"text-decoration: underline;\">Archiv-Seite<\/span><\/a> liefert einen R\u00fcckblick auf die LUCAS-Ausgaben der vergangenen Jahre.<\/h2>\n<p>[\/vc_column_text][\/vc_column][\/vc_row][vc_row el_id=\u201cl13\u201d][vc_column][vc_empty_space][\/vc_column][\/vc_row][vc_row][vc_column][vc_column_text]<\/p>\n<h1>Competition \u00bbTeens\u00ab | Feature Film<\/h1>\n<p>[\/vc_column_text][vc_column_text css=\u201d.vc_custom_1698326236195{margin-bottom: 0px !important;padding-bottom: 5px !important;}\u201d]<strong>Filter by\u2026<\/strong>[\/vc_column_text][vc_tta_tabs][vc_tta_section title=\u201cDate\u201d tab_id=\u201c1622114969684\u201338112e15-d86b6773-3168\u201d][vc_column_text][\/vc_column_text][vc_basic_grid post_type=\u201cfilm-2023\u201d max_items=\u201c-1\u201d show_filter=\u201cyes\u201d element_width=\u201c3\u201d orderby=\u201ctitle\u201d order=\u201cASC\u201d filter_style=\u201cdefault-less-rounded\u201d filter_color=\u201cblack\u201d filter_size=\u201clg\u201d item=\u201c115\u201d initial_loading_animation=\u201czoomIn\u201d grid_id=\u201cvc_gid:1698326217870\u201334384e9f-139b\u20113\u201d filter_source=\u201cdatum\u201d taxonomies=\u201c9\u201d][\/vc_tta_section][vc_tta_section title=\u201cVenue\u201d tab_id=\u201c1663777671914\u2013057f713f-433b6773-3168\u201d][vc_column_text][\/vc_column_text][vc_basic_grid post_type=\u201cfilm-2023\u201d max_items=\u201c-1\u201d show_filter=\u201cyes\u201d element_width=\u201c3\u201d filter_style=\u201cdefault-less-rounded\u201d filter_color=\u201cblack\u201d filter_size=\u201clg\u201d item=\u201c115\u201d grid_id=\u201cvc_gid:1698326217871-cf65a7a7-2511\u20132\u201d filter_source=\u201cspielort\u201d taxonomies=\u201c9\u201d][\/vc_tta_section][\/vc_tta_tabs][\/vc_column][\/vc_row][vc_row][vc_column][vc_empty_space height=\u201c250px\u201d][\/vc_column][\/vc_row]<\/p>\n<\/div>","protected":false},"excerpt":{"rendered":"<p>[vc_row full_width=\u201cstretch_row\u201d disable_element=\u201cyes\u201d bg_type=\u201cbg_color\u201d bg_color_value=\u201d#48d1cc\u201d css=\u201d.vc_custom_1693005126607{padding-top: 20px !important;padding-bottom: 20px !important;}\u201d][vc_column][vc_column_text] Das Programm von LUCAS #46 wird Ende August ver\u00ad\u00f6f\u00adfent\u00adlicht. Die Archiv-Seite lie\u00adfert einen R\u00fcckblick auf die LUCAS-Ausgaben der ver\u00adgan\u00adge\u00adnen Jahre. [\/vc_column_text][\/vc_column][\/vc_row][vc_row el_id=\u201cl13\u201d][vc_column][vc_empty_space][\/vc_column][\/vc_row][vc_row][vc_column][vc_column_text] Competition \u00bbTeens\u00ab | Feature Film [\/vc_column_text][vc_column_text css=\u201d.vc_custom_1698326236195{margin-bottom: 0px !important;padding-bottom: 5px !important;}\u201d]Filter by\u2026[\/vc_column_text][vc_tta_tabs][vc_tta_section title=\u201cDate\u201d tab_id=\u201c1622114969684\u201338112e15-d86b6773-3168\u201d][vc_column_text][\/vc_column_text][vc_basic_grid post_type=\u201cfilm-2023\u201d max_items=\u201c-1\u201d show_filter=\u201cyes\u201d element_width=\u201c3\u201d orderby=\u201ctitle\u201d order=\u201cASC\u201d filter_style=\u201cdefault-less-rounded\u201d filter_color=\u201cblack\u201d filter_size=\u201clg\u201d [\u2026]<\/p>\n","protected":false},"author":2,"featured_media":0,"parent":4279,"menu_order":20,"comment_status":"closed","ping_status":"closed","template":"","meta":{"wp_typography_post_enhancements_disabled":false,"site-sidebar-layout":"no-sidebar","site-content-layout":"plain-container","ast-site-content-layout":"default","site-content-style":"default","site-sidebar-style":"default","ast-global-header-display":"","ast-banner-title-visibility":"","ast-main-header-display":"","ast-hfb-above-header-display":"","ast-hfb-below-header-display":"","ast-hfb-mobile-header-display":"","site-post-title":"disabled","ast-breadcrumbs-content":"","ast-featured-img":"disabled","footer-sml-layout":"","theme-transparent-header-meta":"","adv-header-id-meta":"","stick-header-meta":"","header-above-stick-meta":"","header-main-stick-meta":"","header-below-stick-meta":"","astra-migrate-meta-layouts":"default","ast-page-background-enabled":"default","ast-page-background-meta":{"desktop":{"background-color":"var(--ast-global-color-4)","background-image":"","background-repeat":"repeat","background-position":"center center","background-size":"auto","background-attachment":"scroll","background-type":"","background-media":"","overlay-type":"","overlay-color":"","overlay-opacity":"","overlay-gradient":""},"tablet":{"background-color":"","background-image":"","background-repeat":"repeat","background-position":"center center","background-size":"auto","background-attachment":"scroll","background-type":"","background-media":"","overlay-type":"","overlay-color":"","overlay-opacity":"","overlay-gradient":""},"mobile":{"background-color":"","background-image":"","background-repeat":"repeat","background-position":"center center","background-size":"auto","background-attachment":"scroll","background-type":"","background-media":"","overlay-type":"","overlay-color":"","overlay-opacity":"","overlay-gradient":""}},"ast-content-background-meta":{"desktop":{"background-color":"var(--ast-global-color-5)","background-image":"","background-repeat":"repeat","background-position":"center center","background-size":"auto","background-attachment":"scroll","background-type":"","background-media":"","overlay-type":"","overlay-color":"","overlay-opacity":"","overlay-gradient":""},"tablet":{"background-color":"var(--ast-global-color-5)","background-image":"","background-repeat":"repeat","background-position":"center center","background-size":"auto","background-attachment":"scroll","background-type":"","background-media":"","overlay-type":"","overlay-color":"","overlay-opacity":"","overlay-gradient":""},"mobile":{"background-color":"var(--ast-global-color-5)","background-image":"","background-repeat":"repeat","background-position":"center center","background-size":"auto","background-attachment":"scroll","background-type":"","background-media":"","overlay-type":"","overlay-color":"","overlay-opacity":"","overlay-gradient":""}},"footnotes":""},"class_list":["post-16371","page","type-page","status-publish","hentry"],"yoast_head":"<!-- This site is optimized with the Yoast SEO plugin v27.2 - https:\/\/yoast.com\/product\/yoast-seo-wordpress\/ -->\n<title>Competition \u00bbTeens\u00ab | Feature Film - LUCAS \u2013 Internationales Festival f\u00fcr junge Filmfans<\/title>\n<meta name=\"robots\" content=\"index, follow, max-snippet:-1, max-image-preview:large, max-video-preview:-1\" \/>\n<link rel=\"canonical\" href=\"https:\/\/2023.lucas-filmfestival.de\/en\/films\/competition-teens-feature-film\/\" \/>\n<meta property=\"og:locale\" content=\"en_US\" \/>\n<meta property=\"og:type\" content=\"article\" \/>\n<meta property=\"og:title\" content=\"Competition \u00bbTeens\u00ab | Feature Film - LUCAS \u2013 Internationales Festival f\u00fcr junge Filmfans\" \/>\n<meta property=\"og:description\" content=\"[vc_row full_width=\u201cstretch_row\u201d disable_element=\u201cyes\u201d bg_type=\u201cbg_color\u201d bg_color_value=\u201d#48d1cc\u201d css=\u201d.vc_custom_1693005126607{padding-top: 20px !important;padding-bottom: 20px !important;}\u201d][vc_column][vc_column_text] Das Programm von LUCAS #46 wird Ende August ver\u00f6ffentlicht. Die Archiv-Seite liefert einen R\u00fcckblick auf die LUCAS-Ausgaben der vergangenen Jahre. [\/vc_column_text][\/vc_column][\/vc_row][vc_row el_id=\u201cl13\u201d][vc_column][vc_empty_space][\/vc_column][\/vc_row][vc_row][vc_column][vc_column_text] Competition \u00bbTeens\u00ab | Feature Film [\/vc_column_text][vc_column_text css=\u201d.vc_custom_1698326236195{margin-bottom: 0px !important;padding-bottom: 5px !important;}\u201d]Filter by\u2026[\/vc_column_text][vc_tta_tabs][vc_tta_section title=\u201cDate\u201d tab_id=\u201c1622114969684\u201338112e15-d86b6773-3168\u201d][vc_column_text][\/vc_column_text][vc_basic_grid post_type=\u201cfilm-2023\u201d max_items=\u201c-1\u201d show_filter=\u201cyes\u201d element_width=\u201c3\u201d orderby=\u201ctitle\u201d order=\u201cASC\u201d filter_style=\u201cdefault-less-rounded\u201d filter_color=\u201cblack\u201d filter_size=\u201clg\u201d [&hellip;]\" \/>\n<meta property=\"og:url\" content=\"https:\/\/2023.lucas-filmfestival.de\/en\/films\/competition-teens-feature-film\/\" \/>\n<meta property=\"og:site_name\" content=\"LUCAS \u2013 Internationales Festival f\u00fcr junge Filmfans\" \/>\n<meta property=\"article:modified_time\" content=\"2023-10-26T13:17:18+00:00\" \/>\n<meta name=\"twitter:card\" content=\"summary_large_image\" \/>\n<meta name=\"twitter:label1\" content=\"Est. reading time\" \/>\n\t<meta name=\"twitter:data1\" content=\"1 minute\" \/>\n<script type=\"application\/ld+json\" class=\"yoast-schema-graph\">{\"@context\":\"https:\/\/schema.org\",\"@graph\":[{\"@type\":\"WebPage\",\"@id\":\"https:\/\/2023.lucas-filmfestival.de\/en\/films\/competition-teens-feature-film\/\",\"url\":\"https:\/\/2023.lucas-filmfestival.de\/en\/films\/competition-teens-feature-film\/\",\"name\":\"Competition \u00bbTeens\u00ab | Feature Film - LUCAS \u2013 Internationales Festival f\u00fcr junge Filmfans\",\"isPartOf\":{\"@id\":\"https:\/\/2023.lucas-filmfestival.de\/en\/#website\"},\"datePublished\":\"2023-07-21T12:04:55+00:00\",\"dateModified\":\"2023-10-26T13:17:18+00:00\",\"breadcrumb\":{\"@id\":\"https:\/\/2023.lucas-filmfestival.de\/en\/films\/competition-teens-feature-film\/#breadcrumb\"},\"inLanguage\":\"en-US\",\"potentialAction\":[{\"@type\":\"ReadAction\",\"target\":[\"https:\/\/2023.lucas-filmfestival.de\/en\/films\/competition-teens-feature-film\/\"]}]},{\"@type\":\"BreadcrumbList\",\"@id\":\"https:\/\/2023.lucas-filmfestival.de\/en\/films\/competition-teens-feature-film\/#breadcrumb\",\"itemListElement\":[{\"@type\":\"ListItem\",\"position\":1,\"name\":\"Home\",\"item\":\"https:\/\/2023.lucas-filmfestival.de\/en\/\"},{\"@type\":\"ListItem\",\"position\":2,\"name\":\"All Films\",\"item\":\"https:\/\/2023.lucas-filmfestival.de\/en\/films\/\"},{\"@type\":\"ListItem\",\"position\":3,\"name\":\"Competition \u00bbTeens\u00ab | Feature Film\"}]},{\"@type\":\"WebSite\",\"@id\":\"https:\/\/2023.lucas-filmfestival.de\/en\/#website\",\"url\":\"https:\/\/2023.lucas-filmfestival.de\/en\/\",\"name\":\"LUCAS \u2013 Internationales Festival f\u00fcr junge Filmfans\",\"description\":\"Deutschlands \u00e4ltestes Filmfestival f\u00fcr junges Publikum. Das Programm richtet sich an alle von vier Jahren bis 18plus und pr\u00e4sentiert aktuelles internationales Filmschaffen \u2013 Spiel\u2011, Dokumentar\u2011, Animations- und Experimentalfilme. Herzst\u00fcck von LUCAS sind die Wettbewerbe in den Sektionen 8+, 13+ und 16+ | Youngsters.\",\"publisher\":{\"@id\":\"https:\/\/2023.lucas-filmfestival.de\/en\/#organization\"},\"potentialAction\":[{\"@type\":\"SearchAction\",\"target\":{\"@type\":\"EntryPoint\",\"urlTemplate\":\"https:\/\/2023.lucas-filmfestival.de\/en\/?s={search_term_string}\"},\"query-input\":{\"@type\":\"PropertyValueSpecification\",\"valueRequired\":true,\"valueName\":\"search_term_string\"}}],\"inLanguage\":\"en-US\"},{\"@type\":\"Organization\",\"@id\":\"https:\/\/2023.lucas-filmfestival.de\/en\/#organization\",\"name\":\"LUCAS \u2013 Internationales Festival f\u00fcr junge Filmfans\",\"url\":\"https:\/\/2023.lucas-filmfestival.de\/en\/\",\"logo\":{\"@type\":\"ImageObject\",\"inLanguage\":\"en-US\",\"@id\":\"https:\/\/2023.lucas-filmfestival.de\/en\/#\/schema\/logo\/image\/\",\"url\":\"https:\/\/2023.lucas-filmfestival.de\/medien\/2021\/01\/cropped-LucasAnimation-logo-br80px.gif\",\"contentUrl\":\"https:\/\/2023.lucas-filmfestival.de\/medien\/2021\/01\/cropped-LucasAnimation-logo-br80px.gif\",\"width\":80,\"height\":59,\"caption\":\"LUCAS \u2013 Internationales Festival f\u00fcr junge Filmfans\"},\"image\":{\"@id\":\"https:\/\/2023.lucas-filmfestival.de\/en\/#\/schema\/logo\/image\/\"}}]}<\/script>\n<!-- \/ Yoast SEO plugin. -->","yoast_head_json":{"title":"Competition \u00bbTeens\u00ab | Feature Film - LUCAS \u2013 Internationales Festival f\u00fcr junge Filmfans","robots":{"index":"index","follow":"follow","max-snippet":"max-snippet:-1","max-image-preview":"max-image-preview:large","max-video-preview":"max-video-preview:-1"},"canonical":"https:\/\/2023.lucas-filmfestival.de\/en\/films\/competition-teens-feature-film\/","og_locale":"en_US","og_type":"article","og_title":"Competition \u00bbTeens\u00ab | Feature Film - LUCAS \u2013 Internationales Festival f\u00fcr junge Filmfans","og_description":"[vc_row full_width=\u201cstretch_row\u201d disable_element=\u201cyes\u201d bg_type=\u201cbg_color\u201d bg_color_value=\u201d#48d1cc\u201d css=\u201d.vc_custom_1693005126607{padding-top: 20px !important;padding-bottom: 20px !important;}\u201d][vc_column][vc_column_text] Das Programm von LUCAS #46 wird Ende August ver\u00f6ffentlicht. Die Archiv-Seite liefert einen R\u00fcckblick auf die LUCAS-Ausgaben der vergangenen Jahre. [\/vc_column_text][\/vc_column][\/vc_row][vc_row el_id=\u201cl13\u201d][vc_column][vc_empty_space][\/vc_column][\/vc_row][vc_row][vc_column][vc_column_text] Competition \u00bbTeens\u00ab | Feature Film [\/vc_column_text][vc_column_text css=\u201d.vc_custom_1698326236195{margin-bottom: 0px !important;padding-bottom: 5px !important;}\u201d]Filter by\u2026[\/vc_column_text][vc_tta_tabs][vc_tta_section title=\u201cDate\u201d tab_id=\u201c1622114969684\u201338112e15-d86b6773-3168\u201d][vc_column_text][\/vc_column_text][vc_basic_grid post_type=\u201cfilm-2023\u201d max_items=\u201c-1\u201d show_filter=\u201cyes\u201d element_width=\u201c3\u201d orderby=\u201ctitle\u201d order=\u201cASC\u201d filter_style=\u201cdefault-less-rounded\u201d filter_color=\u201cblack\u201d filter_size=\u201clg\u201d [&hellip;]","og_url":"https:\/\/2023.lucas-filmfestival.de\/en\/films\/competition-teens-feature-film\/","og_site_name":"LUCAS \u2013 Internationales Festival f\u00fcr junge Filmfans","article_modified_time":"2023-10-26T13:17:18+00:00","twitter_card":"summary_large_image","twitter_misc":{"Est. reading time":"1 minute"},"schema":{"@context":"https:\/\/schema.org","@graph":[{"@type":"WebPage","@id":"https:\/\/2023.lucas-filmfestival.de\/en\/films\/competition-teens-feature-film\/","url":"https:\/\/2023.lucas-filmfestival.de\/en\/films\/competition-teens-feature-film\/","name":"Competition \u00bbTeens\u00ab | Feature Film - LUCAS \u2013 Internationales Festival f\u00fcr junge Filmfans","isPartOf":{"@id":"https:\/\/2023.lucas-filmfestival.de\/en\/#website"},"datePublished":"2023-07-21T12:04:55+00:00","dateModified":"2023-10-26T13:17:18+00:00","breadcrumb":{"@id":"https:\/\/2023.lucas-filmfestival.de\/en\/films\/competition-teens-feature-film\/#breadcrumb"},"inLanguage":"en-US","potentialAction":[{"@type":"ReadAction","target":["https:\/\/2023.lucas-filmfestival.de\/en\/films\/competition-teens-feature-film\/"]}]},{"@type":"BreadcrumbList","@id":"https:\/\/2023.lucas-filmfestival.de\/en\/films\/competition-teens-feature-film\/#breadcrumb","itemListElement":[{"@type":"ListItem","position":1,"name":"Home","item":"https:\/\/2023.lucas-filmfestival.de\/en\/"},{"@type":"ListItem","position":2,"name":"All Films","item":"https:\/\/2023.lucas-filmfestival.de\/en\/films\/"},{"@type":"ListItem","position":3,"name":"Competition \u00bbTeens\u00ab | Feature Film"}]},{"@type":"WebSite","@id":"https:\/\/2023.lucas-filmfestival.de\/en\/#website","url":"https:\/\/2023.lucas-filmfestival.de\/en\/","name":"LUCAS \u2013 Internationales Festival f\u00fcr junge Filmfans","description":"Deutschlands \u00e4ltestes Filmfestival f\u00fcr junges Publikum. Das Programm richtet sich an alle von vier Jahren bis 18plus und pr\u00e4sentiert aktuelles internationales Filmschaffen \u2013 Spiel\u2011, Dokumentar\u2011, Animations- und Experimentalfilme. Herzst\u00fcck von LUCAS sind die Wettbewerbe in den Sektionen 8+, 13+ und 16+ | Youngsters.","publisher":{"@id":"https:\/\/2023.lucas-filmfestival.de\/en\/#organization"},"potentialAction":[{"@type":"SearchAction","target":{"@type":"EntryPoint","urlTemplate":"https:\/\/2023.lucas-filmfestival.de\/en\/?s={search_term_string}"},"query-input":{"@type":"PropertyValueSpecification","valueRequired":true,"valueName":"search_term_string"}}],"inLanguage":"en-US"},{"@type":"Organization","@id":"https:\/\/2023.lucas-filmfestival.de\/en\/#organization","name":"LUCAS \u2013 Internationales Festival f\u00fcr junge Filmfans","url":"https:\/\/2023.lucas-filmfestival.de\/en\/","logo":{"@type":"ImageObject","inLanguage":"en-US","@id":"https:\/\/2023.lucas-filmfestival.de\/en\/#\/schema\/logo\/image\/","url":"https:\/\/2023.lucas-filmfestival.de\/medien\/2021\/01\/cropped-LucasAnimation-logo-br80px.gif","contentUrl":"https:\/\/2023.lucas-filmfestival.de\/medien\/2021\/01\/cropped-LucasAnimation-logo-br80px.gif","width":80,"height":59,"caption":"LUCAS \u2013 Internationales Festival f\u00fcr junge Filmfans"},"image":{"@id":"https:\/\/2023.lucas-filmfestival.de\/en\/#\/schema\/logo\/image\/"}}]}},"_links":{"self":[{"href":"https:\/\/2023.lucas-filmfestival.de\/en\/wp-json\/wp\/v2\/pages\/16371","targetHints":{"allow":["GET"]}}],"collection":[{"href":"https:\/\/2023.lucas-filmfestival.de\/en\/wp-json\/wp\/v2\/pages"}],"about":[{"href":"https:\/\/2023.lucas-filmfestival.de\/en\/wp-json\/wp\/v2\/types\/page"}],"author":[{"embeddable":true,"href":"https:\/\/2023.lucas-filmfestival.de\/en\/wp-json\/wp\/v2\/users\/2"}],"replies":[{"embeddable":true,"href":"https:\/\/2023.lucas-filmfestival.de\/en\/wp-json\/wp\/v2\/comments?post=16371"}],"version-history":[{"count":7,"href":"https:\/\/2023.lucas-filmfestival.de\/en\/wp-json\/wp\/v2\/pages\/16371\/revisions"}],"predecessor-version":[{"id":17378,"href":"https:\/\/2023.lucas-filmfestival.de\/en\/wp-json\/wp\/v2\/pages\/16371\/revisions\/17378"}],"up":[{"embeddable":true,"href":"https:\/\/2023.lucas-filmfestival.de\/en\/wp-json\/wp\/v2\/pages\/4279"}],"wp:attachment":[{"href":"https:\/\/2023.lucas-filmfestival.de\/en\/wp-json\/wp\/v2\/media?parent=16371"}],"curies":[{"name":"wp","href":"https:\/\/api.w.org\/{rel}","templated":true}]}}