{"id":5716,"date":"2021-03-19T13:49:09","date_gmt":"2021-03-19T13:49:09","guid":{"rendered":"https:\/\/lucas-filmfestival.de\/rundum\/"},"modified":"2023-11-08T17:05:21","modified_gmt":"2023-11-08T17:05:21","slug":"events-specials","status":"publish","type":"page","link":"https:\/\/2023.lucas-filmfestival.de\/en\/events-specials\/","title":{"rendered":"Events &amp; Specials"},"content":{"rendered":"<div class=\"wpb-content-wrapper\"><p>[vc_row full_width=\u201cstretch_row\u201d css=\u201d.vc_custom_1698774953618{padding-top: 70px !important;background-color: #48d1cc !important;}\u201d el_id=\u201cevents\u201d][vc_column][vc_row_inner][vc_column_inner width=\u201c1\/2\u201d][vc_column_text]<\/p>\n<h1>Events<\/h1>\n<p>[\/vc_column_text][\/vc_column_inner][vc_column_inner width=\u201c1\/2\u201d][\/vc_column_inner][\/vc_row_inner][vc_basic_grid post_type=\u201cpost\u201d max_items=\u201c-1\u201d style=\u201cload-more\u201d items_per_page=\u201c9\u201d item=\u201c6255\u201d initial_loading_animation=\u201cnone\u201d btn_style=\u201cmodern\u201d btn_color=\u201cdefault\u201d btn_size=\u201cxs\u201d grid_id=\u201cvc_gid:1699462411887\u20132a310e7d-fcb4\u20116\u201d taxonomies=\u201c458\u201d][\/vc_column][\/vc_row][vc_row full_width=\u201cstretch_row\u201d css=\u201d.vc_custom_1698774967784{padding-top: 70px !important;padding-bottom: 70px !important;background-image: url(https:\/\/2023.lucas-filmfestival.de\/medien\/2021\/03\/fassade-uwe-dettmar-dff-v2-1920px.jpg?id=884) !important;}\u201d el_class=\u201chintergrund\u201d el_id=\u201clucasforfamilies\u201d][vc_column][vc_row_inner css=\u201d.vc_custom_1629272269820{padding-top: 20px !important;padding-right: 20px !important;padding-bottom: 20px !important;padding-left: 20px !important;background-color: rgba(255,255,255,0.8) !important;*background-color: rgb(255,255,255) !important;}\u201d][vc_column_inner][vc_column_text]<\/p>\n<h1><span class=\"TextRun SCXW233834911 BCX0\" lang=\"EN-US\" xml:lang=\"EN-US\" data-contrast=\"auto\"><span class=\"NormalTextRun SCXW233834911 BCX0\">LUCAS for Families<\/span><\/span><span class=\"EOP SCXW233834911 BCX0\" data-ccp-props=\"{&quot;201341983&quot;:0,&quot;335551550&quot;:6,&quot;335551620&quot;:6,&quot;335559738&quot;:120,&quot;335559739&quot;:120,&quot;335559740&quot;:360}\">&nbsp;<\/span><\/h1>\n<p>[\/vc_column_text][vc_column_text]<\/p>\n<p style=\"text-align: justify;\"><span class=\"TextRun SCXW226869591 BCX0\" lang=\"EN-US\" xml:lang=\"EN-US\" data-contrast=\"auto\"><span class=\"NormalTextRun SCXW226869591 BCX0\"><strong>LUCAS KEEPS AN UNBEATABLE FAMILY OFFER ON HAND FOR THE FESTIVAL SUNDAY!<\/strong> Because a trip to the DFF on <\/span><\/span><span class=\"TextRun SCXW226869591 BCX0\" lang=\"EN-US\" xml:lang=\"EN-US\" data-contrast=\"auto\"><span class=\"NormalTextRun SCXW226869591 BCX0\">October 8 means free ent\u00adrance <\/span><\/span><span class=\"TextRun SCXW226869591 BCX0\" lang=\"EN-US\" xml:lang=\"EN-US\" data-contrast=\"none\"><span class=\"NormalTextRun SCXW226869591 BCX0\">to the DFF Cinema as<\/span><\/span><span class=\"TrackChangeTextInsertion TrackedChange SCXW226869591 BCX0\"><span class=\"TextRun SCXW226869591 BCX0\" lang=\"EN-US\" xml:lang=\"EN-US\" data-contrast=\"none\"><span class=\"NormalTextRun SCXW226869591 BCX0\">&nbsp;well as<\/span><\/span><\/span><span class=\"TextRun SCXW226869591 BCX0\" lang=\"EN-US\" xml:lang=\"EN-US\" data-contrast=\"none\"><span class=\"NormalTextRun SCXW226869591 BCX0\">&nbsp;the Permanent and Temporary Exhibition&nbsp;<\/span><\/span><span class=\"TextRun SCXW226869591 BCX0\" lang=\"EN-US\" xml:lang=\"EN-US\" data-contrast=\"auto\"><span class=\"NormalTextRun SCXW226869591 BCX0\">for all fami\u00adly mem\u00adbers until 5 pm as well.<\/span><\/span><span class=\"EOP SCXW226869591 BCX0\" data-ccp-props=\"{&quot;201341983&quot;:0,&quot;335551550&quot;:6,&quot;335551620&quot;:6,&quot;335559738&quot;:120,&quot;335559739&quot;:120,&quot;335559740&quot;:360}\">&nbsp;<\/span><\/p>\n<p>[\/vc_column_text][vc_basic_grid post_type=\u201cpost\u201d max_items=\u201c-1\u201d item=\u201c1013\u201d grid_id=\u201cvc_gid:1699462411888-ee648cff-83d0\u20118\u201d taxonomies=\u201c459\u201d][\/vc_column_inner][\/vc_row_inner][\/vc_column][\/vc_row][vc_row full_width=\u201cstretch_row\u201d css=\u201d.vc_custom_1663144993435{padding-top: 70px !important;padding-bottom: 70px !important;background-color: #ffd700 !important;}\u201d el_id=\u201cpanels\u201d][vc_column][vc_row_inner css=\u201d.vc_custom_1663144977378{padding-top: 20px !important;padding-right: 20px !important;padding-bottom: 20px !important;padding-left: 20px !important;background-color: rgba(255,255,255,0.8) !important;*background-color: rgb(255,255,255) !important;}\u201d][vc_column_inner][vc_column_text]<\/p>\n<h1>Panel<\/h1>\n<p>[\/vc_column_text][vc_basic_grid post_type=\u201cpost\u201d max_items=\u201c10\u201d item=\u201c1013\u201d grid_id=\u201cvc_gid:1699462411889-e94d0edf-8eda\u20113\u201d taxonomies=\u201c457\u201d][\/vc_column_inner][\/vc_row_inner][\/vc_column][\/vc_row][vc_row full_width=\u201cstretch_row\u201d bg_type=\u201cimage\u201d parallax_style=\u201cvcpb-default\u201d css=\u201d.vc_custom_1699459466697{padding-top: 70px !important;padding-bottom: 70px !important;background-color: #ff6347 !important;}\u201d el_class=\u201chintergrund\u201d el_id=\u201ccooperations\u201d][vc_column][vc_row_inner css=\u201d.vc_custom_1657536088592{padding-top: 20px !important;padding-right: 20px !important;padding-bottom: 20px !important;padding-left: 20px !important;background-color: rgba(255,255,255,0.8) !important;*background-color: rgb(255,255,255) !important;}\u201d][vc_column_inner][vc_column_text]<\/p>\n<h1><b>Cooperations<\/b><\/h1>\n<p>[\/vc_column_text][vc_basic_grid post_type=\u201cpost\u201d max_items=\u201c10\u201d item=\u201c1013\u201d grid_id=\u201cvc_gid:1699462411890\u20131ac7aada-f5ac\u20117\u201d taxonomies=\u201c308\u201d][\/vc_column_inner][\/vc_row_inner][\/vc_column][\/vc_row][vc_row full_width=\u201cstretch_row\u201d disable_element=\u201cyes\u201d css=\u201d.vc_custom_1661174249771{padding-top: 70px !important;padding-bottom: 70px !important;background-color: #ff6347 !important;}\u201d el_class=\u201chintergrund\u201d el_id=\u201cfortbildungen\u201d][vc_column][vc_row_inner css=\u201d.vc_custom_1629272296683{padding-top: 20px !important;padding-right: 20px !important;padding-bottom: 20px !important;padding-left: 20px !important;background-color: rgba(255,255,255,0.8) !important;*background-color: rgb(255,255,255) !important;}\u201d][vc_column_inner][vc_column_text]<\/p>\n<h1><span class=\"TextRun SCXW115226361 BCX0\" lang=\"EN-US\" xml:lang=\"EN-US\" data-contrast=\"auto\"><span class=\"NormalTextRun SCXW115226361 BCX0\">Training<\/span><\/span><span class=\"EOP SCXW115226361 BCX0\" data-ccp-props=\"{&quot;201341983&quot;:0,&quot;335551550&quot;:6,&quot;335551620&quot;:6,&quot;335559738&quot;:120,&quot;335559739&quot;:120,&quot;335559740&quot;:360}\">&nbsp;<\/span><\/h1>\n<p>[\/vc_column_text][vc_toggle title=\u201cTraining for educators\u201d]<\/p>\n<p style=\"text-align: justify;\"><span data-contrast=\"auto\">As part of a coope\u00adra\u00adti\u00adon of the DFF \u2013&nbsp;Deutsches&nbsp;Filminstitut&nbsp;und&nbsp;Filmmuseum&nbsp;with the&nbsp;Hessische&nbsp;Lehrkr\u00e4fteakademie, LUCAS offers online trai\u00adning semi\u00adnars, which intro\u00addu\u00adce the edu\u00adca\u00adtors to topics sur\u00adroun\u00adding film edu\u00adca\u00adti\u00adon and film fes\u00adti\u00adval.&nbsp;<\/span><span data-ccp-props=\"{&quot;201341983&quot;:0,&quot;335551550&quot;:6,&quot;335551620&quot;:6,&quot;335559738&quot;:120,&quot;335559739&quot;:120,&quot;335559740&quot;:360}\">&nbsp;<\/span><\/p>\n<p style=\"text-align: justify;\"><span data-contrast=\"auto\">It is the ide\u00adal intro\u00adduc\u00adtion for edu\u00adca\u00adtors to get to know LUCAS bet\u00adter as well as to use the bene\u00adfits of film for their les\u00adsons. Hessian edu\u00adca\u00adtors can book the trai\u00adnings for free and&nbsp;<\/span><span data-contrast=\"none\">fle\u00adxi\u00adbly&nbsp;throug\u00adhout&nbsp;<\/span><span data-contrast=\"auto\">the school portal\u2019s weekly plan. All trai\u00adning offers are accre\u00addi\u00adted by the&nbsp;Hessische&nbsp;Lehrkr\u00e4fteakademie.<\/span><span data-ccp-props=\"{&quot;201341983&quot;:0,&quot;335551550&quot;:6,&quot;335551620&quot;:6,&quot;335559738&quot;:120,&quot;335559739&quot;:120,&quot;335559740&quot;:360}\">&nbsp;<\/span><\/p>\n<p style=\"text-align: justify;\"><span style=\"font-weight: 400;\"><span class=\"NormalTextRun BCX0 SCXW164732602\">The trai\u00adnings <\/span><span class=\"NormalTextRun BCX0 SCXW164732602\">can be found on the weekly plan\u2019s Website:<\/span> <\/span><strong><a href=\"https:\/\/schulportal.hessen.de\/fortbildungen\/\">https:\/\/schulportal.hessen.de\/fortbildungen\/<\/a><br>\n<\/strong><strong><span class=\"TrackChangeTextInsertion TrackedChange SCXW109573372 BCX0\"><span class=\"TextRun SCXW109573372 BCX0\" lang=\"EN-US\" xml:lang=\"EN-US\" data-contrast=\"none\"><span class=\"NormalTextRun SCXW109573372 BCX0\">The <\/span><\/span><\/span><span class=\"TrackChangeTextInsertion TrackedChange SCXW109573372 BCX0\"><span class=\"TextRun SCXW109573372 BCX0\" lang=\"EN-US\" xml:lang=\"EN-US\" data-contrast=\"none\"><span class=\"NormalTextRun SCXW109573372 BCX0\">trai\u00adning<\/span><\/span><\/span><span class=\"TrackChangeTextInsertion TrackedChange SCXW109573372 BCX0\"><span class=\"TextRun SCXW109573372 BCX0\" lang=\"EN-US\" xml:lang=\"EN-US\" data-contrast=\"none\"><span class=\"NormalTextRun SCXW109573372 BCX0\">&nbsp;is in German.<\/span><\/span><\/span><\/strong><\/p>\n<p style=\"text-align: justify;\"><strong>Contact and con\u00adsul\u00adta\u00adti\u00adon<\/strong>: s.schmidt@dff.film | <strong>Tel:<\/strong> 069 961 220&nbsp;672<\/p>\n<p>[\/vc_toggle][\/vc_column_inner][\/vc_row_inner][\/vc_column][\/vc_row]<\/p>\n<\/div>","protected":false},"excerpt":{"rendered":"<p>[vc_row full_width=\u201cstretch_row\u201d css=\u201d.vc_custom_1698774953618{padding-top: 70px !important;background-color: #48d1cc !important;}\u201d el_id=\u201cevents\u201d][vc_column][vc_row_inner][vc_column_inner width=\u201c1\/2\u201d][vc_column_text] Events [\/vc_column_text][\/vc_column_inner][vc_column_inner width=\u201c1\/2\u201d][\/vc_column_inner][\/vc_row_inner][vc_basic_grid post_type=\u201cpost\u201d max_items=\u201c-1\u201d style=\u201cload-more\u201d items_per_page=\u201c9\u201d item=\u201c6255\u201d initial_loading_animation=\u201cnone\u201d btn_style=\u201cmodern\u201d btn_color=\u201cdefault\u201d btn_size=\u201cxs\u201d grid_id=\u201cvc_gid:1699462411887\u20132a310e7d-fcb4\u20116\u201d taxonomies=\u201c458\u201d][\/vc_column][\/vc_row][vc_row full_width=\u201cstretch_row\u201d css=\u201d.vc_custom_1698774967784{padding-top: 70px !important;padding-bottom: 70px !important;background-image: url(https:\/\/2023.lucas-filmfestival.de\/medien\/2021\/03\/fassade-uwe-dettmar-dff-v2-1920px.jpg?id=884) !important;}\u201d el_class=\u201chintergrund\u201d el_id=\u201clucasforfamilies\u201d][vc_column][vc_row_inner css=\u201d.vc_custom_1629272269820{padding-top: 20px !important;padding-right: 20px !important;padding-bottom: 20px !important;padding-left: 20px !important;background-color: rgba(255,255,255,0.8) !important;*background-color: rgb(255,255,255) !important;}\u201d][vc_column_inner][vc_column_text] LUCAS for Families&nbsp; [\/vc_column_text][vc_column_text] LUCAS KEEPS AN UNBEATABLE FAMILY&nbsp;[\u2026]<\/p>\n","protected":false},"author":2,"featured_media":0,"parent":0,"menu_order":25,"comment_status":"closed","ping_status":"closed","template":"","meta":{"wp_typography_post_enhancements_disabled":false,"site-sidebar-layout":"no-sidebar","site-content-layout":"plain-container","ast-site-content-layout":"default","site-content-style":"default","site-sidebar-style":"default","ast-global-header-display":"","ast-banner-title-visibility":"","ast-main-header-display":"","ast-hfb-above-header-display":"","ast-hfb-below-header-display":"","ast-hfb-mobile-header-display":"","site-post-title":"disabled","ast-breadcrumbs-content":"","ast-featured-img":"disabled","footer-sml-layout":"","theme-transparent-header-meta":"default","adv-header-id-meta":"","stick-header-meta":"default","header-above-stick-meta":"","header-main-stick-meta":"","header-below-stick-meta":"","astra-migrate-meta-layouts":"default","ast-page-background-enabled":"default","ast-page-background-meta":{"desktop":{"background-color":"var(--ast-global-color-4)","background-image":"","background-repeat":"repeat","background-position":"center center","background-size":"auto","background-attachment":"scroll","background-type":"","background-media":"","overlay-type":"","overlay-color":"","overlay-opacity":"","overlay-gradient":""},"tablet":{"background-color":"","background-image":"","background-repeat":"repeat","background-position":"center center","background-size":"auto","background-attachment":"scroll","background-type":"","background-media":"","overlay-type":"","overlay-color":"","overlay-opacity":"","overlay-gradient":""},"mobile":{"background-color":"","background-image":"","background-repeat":"repeat","background-position":"center center","background-size":"auto","background-attachment":"scroll","background-type":"","background-media":"","overlay-type":"","overlay-color":"","overlay-opacity":"","overlay-gradient":""}},"ast-content-background-meta":{"desktop":{"background-color":"var(--ast-global-color-5)","background-image":"","background-repeat":"repeat","background-position":"center center","background-size":"auto","background-attachment":"scroll","background-type":"","background-media":"","overlay-type":"","overlay-color":"","overlay-opacity":"","overlay-gradient":""},"tablet":{"background-color":"var(--ast-global-color-5)","background-image":"","background-repeat":"repeat","background-position":"center center","background-size":"auto","background-attachment":"scroll","background-type":"","background-media":"","overlay-type":"","overlay-color":"","overlay-opacity":"","overlay-gradient":""},"mobile":{"background-color":"var(--ast-global-color-5)","background-image":"","background-repeat":"repeat","background-position":"center center","background-size":"auto","background-attachment":"scroll","background-type":"","background-media":"","overlay-type":"","overlay-color":"","overlay-opacity":"","overlay-gradient":""}},"footnotes":""},"class_list":["post-5716","page","type-page","status-publish","hentry"],"yoast_head":"<!-- This site is optimized with the Yoast SEO plugin v27.2 - https:\/\/yoast.com\/product\/yoast-seo-wordpress\/ -->\n<title>Events &amp; Specials - LUCAS \u2013 Internationales Festival f\u00fcr junge Filmfans<\/title>\n<meta name=\"robots\" content=\"index, follow, max-snippet:-1, max-image-preview:large, max-video-preview:-1\" \/>\n<link rel=\"canonical\" href=\"https:\/\/2023.lucas-filmfestival.de\/en\/events-specials\/\" \/>\n<meta property=\"og:locale\" content=\"en_US\" \/>\n<meta property=\"og:type\" content=\"article\" \/>\n<meta property=\"og:title\" content=\"Events &amp; Specials - LUCAS \u2013 Internationales Festival f\u00fcr junge Filmfans\" \/>\n<meta property=\"og:description\" content=\"[vc_row full_width=\u201cstretch_row\u201d css=\u201d.vc_custom_1698774953618{padding-top: 70px !important;background-color: #48d1cc !important;}\u201d el_id=\u201cevents\u201d][vc_column][vc_row_inner][vc_column_inner width=\u201c1\/2\u201d][vc_column_text] Events [\/vc_column_text][\/vc_column_inner][vc_column_inner width=\u201c1\/2\u201d][\/vc_column_inner][\/vc_row_inner][vc_basic_grid post_type=\u201cpost\u201d max_items=\u201c-1\u201d style=\u201cload-more\u201d items_per_page=\u201c9\u201d item=\u201c6255\u201d initial_loading_animation=\u201cnone\u201d btn_style=\u201cmodern\u201d btn_color=\u201cdefault\u201d btn_size=\u201cxs\u201d grid_id=\u201cvc_gid:1699462411887\u20132a310e7d-fcb4\u20116\u201d taxonomies=\u201c458\u201d][\/vc_column][\/vc_row][vc_row full_width=\u201cstretch_row\u201d css=\u201d.vc_custom_1698774967784{padding-top: 70px !important;padding-bottom: 70px !important;background-image: url(https:\/\/2023.lucas-filmfestival.de\/medien\/2021\/03\/fassade-uwe-dettmar-dff-v2-1920px.jpg?id=884) !important;}\u201d el_class=\u201chintergrund\u201d el_id=\u201clucasforfamilies\u201d][vc_column][vc_row_inner css=\u201d.vc_custom_1629272269820{padding-top: 20px !important;padding-right: 20px !important;padding-bottom: 20px !important;padding-left: 20px !important;background-color: rgba(255,255,255,0.8) !important;*background-color: rgb(255,255,255) !important;}\u201d][vc_column_inner][vc_column_text] LUCAS for Families&nbsp; [\/vc_column_text][vc_column_text] LUCAS KEEPS AN UNBEATABLE FAMILY [&hellip;]\" \/>\n<meta property=\"og:url\" content=\"https:\/\/2023.lucas-filmfestival.de\/en\/events-specials\/\" \/>\n<meta property=\"og:site_name\" content=\"LUCAS \u2013 Internationales Festival f\u00fcr junge Filmfans\" \/>\n<meta property=\"article:modified_time\" content=\"2023-11-08T17:05:21+00:00\" \/>\n<meta name=\"twitter:card\" content=\"summary_large_image\" \/>\n<meta name=\"twitter:label1\" content=\"Est. reading time\" \/>\n\t<meta name=\"twitter:data1\" content=\"3 minutes\" \/>\n<script type=\"application\/ld+json\" class=\"yoast-schema-graph\">{\"@context\":\"https:\/\/schema.org\",\"@graph\":[{\"@type\":\"WebPage\",\"@id\":\"https:\/\/2023.lucas-filmfestival.de\/en\/events-specials\/\",\"url\":\"https:\/\/2023.lucas-filmfestival.de\/en\/events-specials\/\",\"name\":\"Events & Specials - LUCAS \u2013 Internationales Festival f\u00fcr junge Filmfans\",\"isPartOf\":{\"@id\":\"https:\/\/2023.lucas-filmfestival.de\/en\/#website\"},\"datePublished\":\"2021-03-19T13:49:09+00:00\",\"dateModified\":\"2023-11-08T17:05:21+00:00\",\"breadcrumb\":{\"@id\":\"https:\/\/2023.lucas-filmfestival.de\/en\/events-specials\/#breadcrumb\"},\"inLanguage\":\"en-US\",\"potentialAction\":[{\"@type\":\"ReadAction\",\"target\":[\"https:\/\/2023.lucas-filmfestival.de\/en\/events-specials\/\"]}]},{\"@type\":\"BreadcrumbList\",\"@id\":\"https:\/\/2023.lucas-filmfestival.de\/en\/events-specials\/#breadcrumb\",\"itemListElement\":[{\"@type\":\"ListItem\",\"position\":1,\"name\":\"Home\",\"item\":\"https:\/\/2023.lucas-filmfestival.de\/en\/\"},{\"@type\":\"ListItem\",\"position\":2,\"name\":\"Events &amp; Specials\"}]},{\"@type\":\"WebSite\",\"@id\":\"https:\/\/2023.lucas-filmfestival.de\/en\/#website\",\"url\":\"https:\/\/2023.lucas-filmfestival.de\/en\/\",\"name\":\"LUCAS \u2013 Internationales Festival f\u00fcr junge Filmfans\",\"description\":\"Deutschlands \u00e4ltestes Filmfestival f\u00fcr junges Publikum. Das Programm richtet sich an alle von vier Jahren bis 18plus und pr\u00e4sentiert aktuelles internationales Filmschaffen \u2013 Spiel\u2011, Dokumentar\u2011, Animations- und Experimentalfilme. Herzst\u00fcck von LUCAS sind die Wettbewerbe in den Sektionen 8+, 13+ und 16+ | Youngsters.\",\"publisher\":{\"@id\":\"https:\/\/2023.lucas-filmfestival.de\/en\/#organization\"},\"potentialAction\":[{\"@type\":\"SearchAction\",\"target\":{\"@type\":\"EntryPoint\",\"urlTemplate\":\"https:\/\/2023.lucas-filmfestival.de\/en\/?s={search_term_string}\"},\"query-input\":{\"@type\":\"PropertyValueSpecification\",\"valueRequired\":true,\"valueName\":\"search_term_string\"}}],\"inLanguage\":\"en-US\"},{\"@type\":\"Organization\",\"@id\":\"https:\/\/2023.lucas-filmfestival.de\/en\/#organization\",\"name\":\"LUCAS \u2013 Internationales Festival f\u00fcr junge Filmfans\",\"url\":\"https:\/\/2023.lucas-filmfestival.de\/en\/\",\"logo\":{\"@type\":\"ImageObject\",\"inLanguage\":\"en-US\",\"@id\":\"https:\/\/2023.lucas-filmfestival.de\/en\/#\/schema\/logo\/image\/\",\"url\":\"https:\/\/2023.lucas-filmfestival.de\/medien\/2021\/01\/cropped-LucasAnimation-logo-br80px.gif\",\"contentUrl\":\"https:\/\/2023.lucas-filmfestival.de\/medien\/2021\/01\/cropped-LucasAnimation-logo-br80px.gif\",\"width\":80,\"height\":59,\"caption\":\"LUCAS \u2013 Internationales Festival f\u00fcr junge Filmfans\"},\"image\":{\"@id\":\"https:\/\/2023.lucas-filmfestival.de\/en\/#\/schema\/logo\/image\/\"}}]}<\/script>\n<!-- \/ Yoast SEO plugin. -->","yoast_head_json":{"title":"Events & Specials - LUCAS \u2013 Internationales Festival f\u00fcr junge Filmfans","robots":{"index":"index","follow":"follow","max-snippet":"max-snippet:-1","max-image-preview":"max-image-preview:large","max-video-preview":"max-video-preview:-1"},"canonical":"https:\/\/2023.lucas-filmfestival.de\/en\/events-specials\/","og_locale":"en_US","og_type":"article","og_title":"Events & Specials - LUCAS \u2013 Internationales Festival f\u00fcr junge Filmfans","og_description":"[vc_row full_width=\u201cstretch_row\u201d css=\u201d.vc_custom_1698774953618{padding-top: 70px !important;background-color: #48d1cc !important;}\u201d el_id=\u201cevents\u201d][vc_column][vc_row_inner][vc_column_inner width=\u201c1\/2\u201d][vc_column_text] Events [\/vc_column_text][\/vc_column_inner][vc_column_inner width=\u201c1\/2\u201d][\/vc_column_inner][\/vc_row_inner][vc_basic_grid post_type=\u201cpost\u201d max_items=\u201c-1\u201d style=\u201cload-more\u201d items_per_page=\u201c9\u201d item=\u201c6255\u201d initial_loading_animation=\u201cnone\u201d btn_style=\u201cmodern\u201d btn_color=\u201cdefault\u201d btn_size=\u201cxs\u201d grid_id=\u201cvc_gid:1699462411887\u20132a310e7d-fcb4\u20116\u201d taxonomies=\u201c458\u201d][\/vc_column][\/vc_row][vc_row full_width=\u201cstretch_row\u201d css=\u201d.vc_custom_1698774967784{padding-top: 70px !important;padding-bottom: 70px !important;background-image: url(https:\/\/2023.lucas-filmfestival.de\/medien\/2021\/03\/fassade-uwe-dettmar-dff-v2-1920px.jpg?id=884) !important;}\u201d el_class=\u201chintergrund\u201d el_id=\u201clucasforfamilies\u201d][vc_column][vc_row_inner css=\u201d.vc_custom_1629272269820{padding-top: 20px !important;padding-right: 20px !important;padding-bottom: 20px !important;padding-left: 20px !important;background-color: rgba(255,255,255,0.8) !important;*background-color: rgb(255,255,255) !important;}\u201d][vc_column_inner][vc_column_text] LUCAS for Families&nbsp; [\/vc_column_text][vc_column_text] LUCAS KEEPS AN UNBEATABLE FAMILY [&hellip;]","og_url":"https:\/\/2023.lucas-filmfestival.de\/en\/events-specials\/","og_site_name":"LUCAS \u2013 Internationales Festival f\u00fcr junge Filmfans","article_modified_time":"2023-11-08T17:05:21+00:00","twitter_card":"summary_large_image","twitter_misc":{"Est. reading time":"3 minutes"},"schema":{"@context":"https:\/\/schema.org","@graph":[{"@type":"WebPage","@id":"https:\/\/2023.lucas-filmfestival.de\/en\/events-specials\/","url":"https:\/\/2023.lucas-filmfestival.de\/en\/events-specials\/","name":"Events & Specials - LUCAS \u2013 Internationales Festival f\u00fcr junge Filmfans","isPartOf":{"@id":"https:\/\/2023.lucas-filmfestival.de\/en\/#website"},"datePublished":"2021-03-19T13:49:09+00:00","dateModified":"2023-11-08T17:05:21+00:00","breadcrumb":{"@id":"https:\/\/2023.lucas-filmfestival.de\/en\/events-specials\/#breadcrumb"},"inLanguage":"en-US","potentialAction":[{"@type":"ReadAction","target":["https:\/\/2023.lucas-filmfestival.de\/en\/events-specials\/"]}]},{"@type":"BreadcrumbList","@id":"https:\/\/2023.lucas-filmfestival.de\/en\/events-specials\/#breadcrumb","itemListElement":[{"@type":"ListItem","position":1,"name":"Home","item":"https:\/\/2023.lucas-filmfestival.de\/en\/"},{"@type":"ListItem","position":2,"name":"Events &amp; Specials"}]},{"@type":"WebSite","@id":"https:\/\/2023.lucas-filmfestival.de\/en\/#website","url":"https:\/\/2023.lucas-filmfestival.de\/en\/","name":"LUCAS \u2013 Internationales Festival f\u00fcr junge Filmfans","description":"Deutschlands \u00e4ltestes Filmfestival f\u00fcr junges Publikum. Das Programm richtet sich an alle von vier Jahren bis 18plus und pr\u00e4sentiert aktuelles internationales Filmschaffen \u2013 Spiel\u2011, Dokumentar\u2011, Animations- und Experimentalfilme. Herzst\u00fcck von LUCAS sind die Wettbewerbe in den Sektionen 8+, 13+ und 16+ | Youngsters.","publisher":{"@id":"https:\/\/2023.lucas-filmfestival.de\/en\/#organization"},"potentialAction":[{"@type":"SearchAction","target":{"@type":"EntryPoint","urlTemplate":"https:\/\/2023.lucas-filmfestival.de\/en\/?s={search_term_string}"},"query-input":{"@type":"PropertyValueSpecification","valueRequired":true,"valueName":"search_term_string"}}],"inLanguage":"en-US"},{"@type":"Organization","@id":"https:\/\/2023.lucas-filmfestival.de\/en\/#organization","name":"LUCAS \u2013 Internationales Festival f\u00fcr junge Filmfans","url":"https:\/\/2023.lucas-filmfestival.de\/en\/","logo":{"@type":"ImageObject","inLanguage":"en-US","@id":"https:\/\/2023.lucas-filmfestival.de\/en\/#\/schema\/logo\/image\/","url":"https:\/\/2023.lucas-filmfestival.de\/medien\/2021\/01\/cropped-LucasAnimation-logo-br80px.gif","contentUrl":"https:\/\/2023.lucas-filmfestival.de\/medien\/2021\/01\/cropped-LucasAnimation-logo-br80px.gif","width":80,"height":59,"caption":"LUCAS \u2013 Internationales Festival f\u00fcr junge Filmfans"},"image":{"@id":"https:\/\/2023.lucas-filmfestival.de\/en\/#\/schema\/logo\/image\/"}}]}},"_links":{"self":[{"href":"https:\/\/2023.lucas-filmfestival.de\/en\/wp-json\/wp\/v2\/pages\/5716","targetHints":{"allow":["GET"]}}],"collection":[{"href":"https:\/\/2023.lucas-filmfestival.de\/en\/wp-json\/wp\/v2\/pages"}],"about":[{"href":"https:\/\/2023.lucas-filmfestival.de\/en\/wp-json\/wp\/v2\/types\/page"}],"author":[{"embeddable":true,"href":"https:\/\/2023.lucas-filmfestival.de\/en\/wp-json\/wp\/v2\/users\/2"}],"replies":[{"embeddable":true,"href":"https:\/\/2023.lucas-filmfestival.de\/en\/wp-json\/wp\/v2\/comments?post=5716"}],"version-history":[{"count":58,"href":"https:\/\/2023.lucas-filmfestival.de\/en\/wp-json\/wp\/v2\/pages\/5716\/revisions"}],"predecessor-version":[{"id":17467,"href":"https:\/\/2023.lucas-filmfestival.de\/en\/wp-json\/wp\/v2\/pages\/5716\/revisions\/17467"}],"wp:attachment":[{"href":"https:\/\/2023.lucas-filmfestival.de\/en\/wp-json\/wp\/v2\/media?parent=5716"}],"curies":[{"name":"wp","href":"https:\/\/api.w.org\/{rel}","templated":true}]}}