{"id":6730,"date":"2021-09-01T15:18:44","date_gmt":"2021-09-01T15:18:44","guid":{"rendered":"https:\/\/lucas-filmfestival.de\/tickets\/"},"modified":"2023-10-16T15:28:38","modified_gmt":"2023-10-16T15:28:38","slug":"tickets","status":"publish","type":"page","link":"https:\/\/2023.lucas-filmfestival.de\/en\/tickets\/","title":{"rendered":"Cinema tickets for individuals"},"content":{"rendered":"<div class=\"wpb-content-wrapper\"><p>[vc_row css=\u201d.vc_custom_1630579955384{background-color: rgba(255,255,255,0.8) !important;*background-color: rgb(255,255,255) !important;}\u201d][vc_column css=\u201d.vc_custom_1630579877358{margin-top: \u20114px !important;margin-bottom: \u20114px !important;}\u201d][vc_column_text]No online pre sale for sin\u00adgle tickets for scree\u00adnings at Cin\u00e9ma and Kino im Hafen&nbsp;2.<\/p>\n<p><strong>Tickets for all cine\u00admas<\/strong> can be reser\u00adved <strong>via&nbsp;pho\u00adne<\/strong> (+49 69 961 220 \u2013 678) or <strong>via e\u2011mail<\/strong> (lucas-info@dff.film), sta\u00adting the film title, cine\u00adma and time. Reservations must be picked up at the box office half an hour befo\u00adre the start of the screening.<\/p>\n<p>Screenings on October 8 as part of <strong>\u00bbLUCAS for Families\u00ab<\/strong> (bet\u00adween 10 a.m. to 5 p.m.) are free. You can make <strong>reser\u00adva\u00adtions via pho\u00adne<\/strong> (+49 69 961 220 \u2013 220) <strong>or via e\u2011mail<\/strong> (museumsbesuch@dff.film | Keyword: LUCAS Festival Sunday + Film Title).[\/vc_column_text][\/vc_column][\/vc_row][vc_row][vc_column][\/vc_column][\/vc_row]<\/p>\n<\/div>","protected":false},"excerpt":{"rendered":"<p>[vc_row css=\u201d.vc_custom_1630579955384{background-color: rgba(255,255,255,0.8) !important;*background-color: rgb(255,255,255) !important;}\u201d][vc_column css=\u201d.vc_custom_1630579877358{margin-top: \u20114px !important;margin-bottom: \u20114px !important;}\u201d][vc_column_text]No online pre sale for sin\u00adgle tickets for scree\u00adnings at Cin\u00e9ma and Kino im Hafen&nbsp;2. Tickets for all cine\u00admas can be reser\u00adved via&nbsp;pho\u00adne (+49 69 961 220 \u2013 678) or via e\u2011mail (lucas-info@dff.film), sta\u00adting the film title, cine\u00adma and time. Reservations must be picked up&nbsp;[\u2026]<\/p>\n","protected":false},"author":6,"featured_media":0,"parent":0,"menu_order":0,"comment_status":"closed","ping_status":"closed","template":"","meta":{"wp_typography_post_enhancements_disabled":false,"site-sidebar-layout":"default","site-content-layout":"default","ast-site-content-layout":"default","site-content-style":"default","site-sidebar-style":"default","ast-global-header-display":"","ast-banner-title-visibility":"","ast-main-header-display":"","ast-hfb-above-header-display":"","ast-hfb-below-header-display":"","ast-hfb-mobile-header-display":"","site-post-title":"","ast-breadcrumbs-content":"","ast-featured-img":"","footer-sml-layout":"","theme-transparent-header-meta":"default","adv-header-id-meta":"","stick-header-meta":"default","header-above-stick-meta":"","header-main-stick-meta":"","header-below-stick-meta":"","astra-migrate-meta-layouts":"default","ast-page-background-enabled":"default","ast-page-background-meta":{"desktop":{"background-color":"var(--ast-global-color-4)","background-image":"","background-repeat":"repeat","background-position":"center center","background-size":"auto","background-attachment":"scroll","background-type":"","background-media":"","overlay-type":"","overlay-color":"","overlay-opacity":"","overlay-gradient":""},"tablet":{"background-color":"","background-image":"","background-repeat":"repeat","background-position":"center center","background-size":"auto","background-attachment":"scroll","background-type":"","background-media":"","overlay-type":"","overlay-color":"","overlay-opacity":"","overlay-gradient":""},"mobile":{"background-color":"","background-image":"","background-repeat":"repeat","background-position":"center center","background-size":"auto","background-attachment":"scroll","background-type":"","background-media":"","overlay-type":"","overlay-color":"","overlay-opacity":"","overlay-gradient":""}},"ast-content-background-meta":{"desktop":{"background-color":"var(--ast-global-color-5)","background-image":"","background-repeat":"repeat","background-position":"center center","background-size":"auto","background-attachment":"scroll","background-type":"","background-media":"","overlay-type":"","overlay-color":"","overlay-opacity":"","overlay-gradient":""},"tablet":{"background-color":"var(--ast-global-color-5)","background-image":"","background-repeat":"repeat","background-position":"center center","background-size":"auto","background-attachment":"scroll","background-type":"","background-media":"","overlay-type":"","overlay-color":"","overlay-opacity":"","overlay-gradient":""},"mobile":{"background-color":"var(--ast-global-color-5)","background-image":"","background-repeat":"repeat","background-position":"center center","background-size":"auto","background-attachment":"scroll","background-type":"","background-media":"","overlay-type":"","overlay-color":"","overlay-opacity":"","overlay-gradient":""}},"footnotes":""},"class_list":["post-6730","page","type-page","status-publish","hentry"],"yoast_head":"<!-- This site is optimized with the Yoast SEO plugin v27.2 - https:\/\/yoast.com\/product\/yoast-seo-wordpress\/ -->\n<title>Cinema tickets for individuals - LUCAS \u2013 Internationales Festival f\u00fcr junge Filmfans<\/title>\n<meta name=\"robots\" content=\"index, follow, max-snippet:-1, max-image-preview:large, max-video-preview:-1\" \/>\n<link rel=\"canonical\" href=\"https:\/\/2023.lucas-filmfestival.de\/en\/tickets\/\" \/>\n<meta property=\"og:locale\" content=\"en_US\" \/>\n<meta property=\"og:type\" content=\"article\" \/>\n<meta property=\"og:title\" content=\"Cinema tickets for individuals - LUCAS \u2013 Internationales Festival f\u00fcr junge Filmfans\" \/>\n<meta property=\"og:description\" content=\"[vc_row css=\u201d.vc_custom_1630579955384{background-color: rgba(255,255,255,0.8) !important;*background-color: rgb(255,255,255) !important;}\u201d][vc_column css=\u201d.vc_custom_1630579877358{margin-top: \u20114px !important;margin-bottom: \u20114px !important;}\u201d][vc_column_text]No online pre sale for sin\u00adgle tickets for scree\u00adnings at Cin\u00e9ma and Kino im Hafen&nbsp;2. Tickets for all cine\u00admas can be reser\u00adved via&nbsp;pho\u00adne (+49 69 961 220 \u2013 678) or via e\u2011mail (lucas-info@dff.film), sta\u00adting the film title, cine\u00adma and time. Reservations must be picked up [&hellip;]\" \/>\n<meta property=\"og:url\" content=\"https:\/\/2023.lucas-filmfestival.de\/en\/tickets\/\" \/>\n<meta property=\"og:site_name\" content=\"LUCAS \u2013 Internationales Festival f\u00fcr junge Filmfans\" \/>\n<meta property=\"article:modified_time\" content=\"2023-10-16T15:28:38+00:00\" \/>\n<meta name=\"twitter:card\" content=\"summary_large_image\" \/>\n<meta name=\"twitter:label1\" content=\"Est. reading time\" \/>\n\t<meta name=\"twitter:data1\" content=\"3 minutes\" \/>\n<script type=\"application\/ld+json\" class=\"yoast-schema-graph\">{\"@context\":\"https:\/\/schema.org\",\"@graph\":[{\"@type\":\"WebPage\",\"@id\":\"https:\/\/2023.lucas-filmfestival.de\/en\/tickets\/\",\"url\":\"https:\/\/2023.lucas-filmfestival.de\/en\/tickets\/\",\"name\":\"Cinema tickets for individuals - LUCAS \u2013 Internationales Festival f\u00fcr junge Filmfans\",\"isPartOf\":{\"@id\":\"https:\/\/2023.lucas-filmfestival.de\/en\/#website\"},\"datePublished\":\"2021-09-01T15:18:44+00:00\",\"dateModified\":\"2023-10-16T15:28:38+00:00\",\"breadcrumb\":{\"@id\":\"https:\/\/2023.lucas-filmfestival.de\/en\/tickets\/#breadcrumb\"},\"inLanguage\":\"en-US\",\"potentialAction\":[{\"@type\":\"ReadAction\",\"target\":[\"https:\/\/2023.lucas-filmfestival.de\/en\/tickets\/\"]}]},{\"@type\":\"BreadcrumbList\",\"@id\":\"https:\/\/2023.lucas-filmfestival.de\/en\/tickets\/#breadcrumb\",\"itemListElement\":[{\"@type\":\"ListItem\",\"position\":1,\"name\":\"Home\",\"item\":\"https:\/\/2023.lucas-filmfestival.de\/en\/\"},{\"@type\":\"ListItem\",\"position\":2,\"name\":\"Cinema tickets for individuals\"}]},{\"@type\":\"WebSite\",\"@id\":\"https:\/\/2023.lucas-filmfestival.de\/en\/#website\",\"url\":\"https:\/\/2023.lucas-filmfestival.de\/en\/\",\"name\":\"LUCAS \u2013 Internationales Festival f\u00fcr junge Filmfans\",\"description\":\"Deutschlands \u00e4ltestes Filmfestival f\u00fcr junges Publikum. Das Programm richtet sich an alle von vier Jahren bis 18plus und pr\u00e4sentiert aktuelles internationales Filmschaffen \u2013 Spiel\u2011, Dokumentar\u2011, Animations- und Experimentalfilme. Herzst\u00fcck von LUCAS sind die Wettbewerbe in den Sektionen 8+, 13+ und 16+ | Youngsters.\",\"publisher\":{\"@id\":\"https:\/\/2023.lucas-filmfestival.de\/en\/#organization\"},\"potentialAction\":[{\"@type\":\"SearchAction\",\"target\":{\"@type\":\"EntryPoint\",\"urlTemplate\":\"https:\/\/2023.lucas-filmfestival.de\/en\/?s={search_term_string}\"},\"query-input\":{\"@type\":\"PropertyValueSpecification\",\"valueRequired\":true,\"valueName\":\"search_term_string\"}}],\"inLanguage\":\"en-US\"},{\"@type\":\"Organization\",\"@id\":\"https:\/\/2023.lucas-filmfestival.de\/en\/#organization\",\"name\":\"LUCAS \u2013 Internationales Festival f\u00fcr junge Filmfans\",\"url\":\"https:\/\/2023.lucas-filmfestival.de\/en\/\",\"logo\":{\"@type\":\"ImageObject\",\"inLanguage\":\"en-US\",\"@id\":\"https:\/\/2023.lucas-filmfestival.de\/en\/#\/schema\/logo\/image\/\",\"url\":\"https:\/\/2023.lucas-filmfestival.de\/medien\/2021\/01\/cropped-LucasAnimation-logo-br80px.gif\",\"contentUrl\":\"https:\/\/2023.lucas-filmfestival.de\/medien\/2021\/01\/cropped-LucasAnimation-logo-br80px.gif\",\"width\":80,\"height\":59,\"caption\":\"LUCAS \u2013 Internationales Festival f\u00fcr junge Filmfans\"},\"image\":{\"@id\":\"https:\/\/2023.lucas-filmfestival.de\/en\/#\/schema\/logo\/image\/\"}}]}<\/script>\n<!-- \/ Yoast SEO plugin. -->","yoast_head_json":{"title":"Cinema tickets for individuals - LUCAS \u2013 Internationales Festival f\u00fcr junge Filmfans","robots":{"index":"index","follow":"follow","max-snippet":"max-snippet:-1","max-image-preview":"max-image-preview:large","max-video-preview":"max-video-preview:-1"},"canonical":"https:\/\/2023.lucas-filmfestival.de\/en\/tickets\/","og_locale":"en_US","og_type":"article","og_title":"Cinema tickets for individuals - LUCAS \u2013 Internationales Festival f\u00fcr junge Filmfans","og_description":"[vc_row css=\u201d.vc_custom_1630579955384{background-color: rgba(255,255,255,0.8) !important;*background-color: rgb(255,255,255) !important;}\u201d][vc_column css=\u201d.vc_custom_1630579877358{margin-top: \u20114px !important;margin-bottom: \u20114px !important;}\u201d][vc_column_text]No online pre sale for sin\u00adgle tickets for scree\u00adnings at Cin\u00e9ma and Kino im Hafen&nbsp;2. Tickets for all cine\u00admas can be reser\u00adved via&nbsp;pho\u00adne (+49 69 961 220 \u2013 678) or via e\u2011mail (lucas-info@dff.film), sta\u00adting the film title, cine\u00adma and time. Reservations must be picked up [&hellip;]","og_url":"https:\/\/2023.lucas-filmfestival.de\/en\/tickets\/","og_site_name":"LUCAS \u2013 Internationales Festival f\u00fcr junge Filmfans","article_modified_time":"2023-10-16T15:28:38+00:00","twitter_card":"summary_large_image","twitter_misc":{"Est. reading time":"3 minutes"},"schema":{"@context":"https:\/\/schema.org","@graph":[{"@type":"WebPage","@id":"https:\/\/2023.lucas-filmfestival.de\/en\/tickets\/","url":"https:\/\/2023.lucas-filmfestival.de\/en\/tickets\/","name":"Cinema tickets for individuals - LUCAS \u2013 Internationales Festival f\u00fcr junge Filmfans","isPartOf":{"@id":"https:\/\/2023.lucas-filmfestival.de\/en\/#website"},"datePublished":"2021-09-01T15:18:44+00:00","dateModified":"2023-10-16T15:28:38+00:00","breadcrumb":{"@id":"https:\/\/2023.lucas-filmfestival.de\/en\/tickets\/#breadcrumb"},"inLanguage":"en-US","potentialAction":[{"@type":"ReadAction","target":["https:\/\/2023.lucas-filmfestival.de\/en\/tickets\/"]}]},{"@type":"BreadcrumbList","@id":"https:\/\/2023.lucas-filmfestival.de\/en\/tickets\/#breadcrumb","itemListElement":[{"@type":"ListItem","position":1,"name":"Home","item":"https:\/\/2023.lucas-filmfestival.de\/en\/"},{"@type":"ListItem","position":2,"name":"Cinema tickets for individuals"}]},{"@type":"WebSite","@id":"https:\/\/2023.lucas-filmfestival.de\/en\/#website","url":"https:\/\/2023.lucas-filmfestival.de\/en\/","name":"LUCAS \u2013 Internationales Festival f\u00fcr junge Filmfans","description":"Deutschlands \u00e4ltestes Filmfestival f\u00fcr junges Publikum. Das Programm richtet sich an alle von vier Jahren bis 18plus und pr\u00e4sentiert aktuelles internationales Filmschaffen \u2013 Spiel\u2011, Dokumentar\u2011, Animations- und Experimentalfilme. Herzst\u00fcck von LUCAS sind die Wettbewerbe in den Sektionen 8+, 13+ und 16+ | Youngsters.","publisher":{"@id":"https:\/\/2023.lucas-filmfestival.de\/en\/#organization"},"potentialAction":[{"@type":"SearchAction","target":{"@type":"EntryPoint","urlTemplate":"https:\/\/2023.lucas-filmfestival.de\/en\/?s={search_term_string}"},"query-input":{"@type":"PropertyValueSpecification","valueRequired":true,"valueName":"search_term_string"}}],"inLanguage":"en-US"},{"@type":"Organization","@id":"https:\/\/2023.lucas-filmfestival.de\/en\/#organization","name":"LUCAS \u2013 Internationales Festival f\u00fcr junge Filmfans","url":"https:\/\/2023.lucas-filmfestival.de\/en\/","logo":{"@type":"ImageObject","inLanguage":"en-US","@id":"https:\/\/2023.lucas-filmfestival.de\/en\/#\/schema\/logo\/image\/","url":"https:\/\/2023.lucas-filmfestival.de\/medien\/2021\/01\/cropped-LucasAnimation-logo-br80px.gif","contentUrl":"https:\/\/2023.lucas-filmfestival.de\/medien\/2021\/01\/cropped-LucasAnimation-logo-br80px.gif","width":80,"height":59,"caption":"LUCAS \u2013 Internationales Festival f\u00fcr junge Filmfans"},"image":{"@id":"https:\/\/2023.lucas-filmfestival.de\/en\/#\/schema\/logo\/image\/"}}]}},"_links":{"self":[{"href":"https:\/\/2023.lucas-filmfestival.de\/en\/wp-json\/wp\/v2\/pages\/6730","targetHints":{"allow":["GET"]}}],"collection":[{"href":"https:\/\/2023.lucas-filmfestival.de\/en\/wp-json\/wp\/v2\/pages"}],"about":[{"href":"https:\/\/2023.lucas-filmfestival.de\/en\/wp-json\/wp\/v2\/types\/page"}],"author":[{"embeddable":true,"href":"https:\/\/2023.lucas-filmfestival.de\/en\/wp-json\/wp\/v2\/users\/6"}],"replies":[{"embeddable":true,"href":"https:\/\/2023.lucas-filmfestival.de\/en\/wp-json\/wp\/v2\/comments?post=6730"}],"version-history":[{"count":8,"href":"https:\/\/2023.lucas-filmfestival.de\/en\/wp-json\/wp\/v2\/pages\/6730\/revisions"}],"predecessor-version":[{"id":17120,"href":"https:\/\/2023.lucas-filmfestival.de\/en\/wp-json\/wp\/v2\/pages\/6730\/revisions\/17120"}],"wp:attachment":[{"href":"https:\/\/2023.lucas-filmfestival.de\/en\/wp-json\/wp\/v2\/media?parent=6730"}],"curies":[{"name":"wp","href":"https:\/\/api.w.org\/{rel}","templated":true}]}}